{"id":7,"date":"2025-01-23T09:14:09","date_gmt":"2025-01-23T08:14:09","guid":{"rendered":"https:\/\/enemenosuno.webs.upv.es\/?page_id=7"},"modified":"2025-06-20T09:44:25","modified_gmt":"2025-06-20T07:44:25","slug":"principal","status":"publish","type":"page","link":"https:\/\/enemenosuno.webs.upv.es\/","title":{"rendered":"Principal"},"content":{"rendered":"\t\t<div data-elementor-type=\"wp-post\" data-elementor-id=\"7\" class=\"elementor elementor-7\">\n\t\t\t\t<div class=\"elementor-element elementor-element-8dd633c e-con-full e-flex wpr-particle-no wpr-jarallax-no wpr-parallax-no wpr-sticky-section-no e-con e-parent\" data-id=\"8dd633c\" data-element_type=\"container\" data-e-type=\"container\" id=\"nosotros\">\n\t\t\t\t<div class=\"elementor-element elementor-element-d1083a5 elementor-widget__width-initial carrusel elementor-widget elementor-widget-image-carousel\" data-id=\"d1083a5\" data-element_type=\"widget\" data-e-type=\"widget\" data-settings=\"{&quot;slides_to_show&quot;:&quot;1&quot;,&quot;navigation&quot;:&quot;none&quot;,&quot;autoplay&quot;:&quot;yes&quot;,&quot;pause_on_hover&quot;:&quot;yes&quot;,&quot;pause_on_interaction&quot;:&quot;yes&quot;,&quot;autoplay_speed&quot;:5000,&quot;infinite&quot;:&quot;yes&quot;,&quot;effect&quot;:&quot;slide&quot;,&quot;speed&quot;:500}\" data-widget_type=\"image-carousel.default\">\n\t\t\t\t<div class=\"elementor-widget-container\">\n\t\t\t\t\t\t\t<div class=\"elementor-image-carousel-wrapper swiper\" role=\"region\" aria-roledescription=\"carousel\" aria-label=\"Carrusel de im\u00e1genes\" dir=\"ltr\">\n\t\t\t<div class=\"elementor-image-carousel swiper-wrapper swiper-image-stretch\" aria-live=\"off\">\n\t\t\t\t\t\t\t\t<div class=\"swiper-slide\" role=\"group\" aria-roledescription=\"slide\" aria-label=\"1 de 4\"><figure class=\"swiper-slide-inner\"><img decoding=\"async\" class=\"swiper-slide-image\" src=\"https:\/\/enemenosuno.webs.upv.es\/wp-content\/uploads\/2025\/01\/zaramella2.jpg\" alt=\"zaramella2\" \/><\/figure><\/div><div class=\"swiper-slide\" role=\"group\" aria-roledescription=\"slide\" aria-label=\"2 de 4\"><figure class=\"swiper-slide-inner\"><img decoding=\"async\" class=\"swiper-slide-image\" src=\"https:\/\/enemenosuno.webs.upv.es\/wp-content\/uploads\/2025\/01\/zaramella.jpg\" alt=\"zaramella\" \/><\/figure><\/div><div class=\"swiper-slide\" role=\"group\" aria-roledescription=\"slide\" aria-label=\"3 de 4\"><figure class=\"swiper-slide-inner\"><img decoding=\"async\" class=\"swiper-slide-image\" src=\"https:\/\/enemenosuno.webs.upv.es\/wp-content\/uploads\/2025\/01\/carrousel3.jpg\" alt=\"carrousel3\" \/><\/figure><\/div><div class=\"swiper-slide\" role=\"group\" aria-roledescription=\"slide\" aria-label=\"4 de 4\"><figure class=\"swiper-slide-inner\"><img decoding=\"async\" class=\"swiper-slide-image\" src=\"https:\/\/enemenosuno.webs.upv.es\/wp-content\/uploads\/2025\/01\/carrousel2.jpg\" alt=\"carrousel2\" \/><\/figure><\/div>\t\t\t<\/div>\n\t\t\t\t\t\t\t\n\t\t\t\t\t\t\t\t\t<\/div>\n\t\t\t\t\t\t<\/div>\n\t\t\t\t<\/div>\n\t\t<div class=\"elementor-element elementor-element-ea4977f e-con-full e-flex wpr-particle-no wpr-jarallax-no wpr-parallax-no wpr-sticky-section-no e-con e-child\" data-id=\"ea4977f\" data-element_type=\"container\" data-e-type=\"container\">\n\t\t\t\t<div class=\"elementor-element elementor-element-966b20c elementor-widget elementor-widget-text-editor\" data-id=\"966b20c\" data-element_type=\"widget\" data-e-type=\"widget\" data-widget_type=\"text-editor.default\">\n\t\t\t\t<div class=\"elementor-widget-container\">\n\t\t\t\t\t\t\t\t\t<h4>\u00abLo m\u00faltiple hay que\u00a0<span style=\"font-style: inherit; font-weight: inherit; text-align: var(--text-align);\">hacerlo,\u00a0pero no a\u00f1adiendo<\/span><span style=\"font-style: inherit; font-weight: inherit; text-align: var(--text-align);\"> constantemente una<\/span><span style=\"font-style: inherit; font-weight: inherit; text-align: var(--text-align);\"> dimensi\u00f3n superior, sino, al<\/span><span style=\"font-style: inherit; font-weight: inherit; text-align: var(--text-align);\"> contrario, de la forma m\u00e1s <\/span><span style=\"font-style: inherit; font-weight: inherit; text-align: var(--text-align);\">simple, a fuerza de sobriedad,<\/span><span style=\"font-style: inherit; font-weight: inherit; text-align: var(--text-align);\"> al nivel de las dimensiones de<\/span><span style=\"font-style: inherit; font-weight: inherit; text-align: var(--text-align);\"> que se dispone, siempre n-1<\/span><span style=\"font-style: inherit; font-weight: inherit; text-align: var(--text-align);\"> (s\u00f3lo as\u00ed, sustray\u00e9ndolo, lo<\/span><span style=\"font-style: inherit; font-weight: inherit; text-align: var(--text-align);\"> Uno forma parte de lo<\/span><span style=\"font-style: inherit; font-weight: inherit; text-align: var(--text-align);\"> m\u00faltiple). Sustraer lo \u00fanico de<\/span><span style=\"font-style: inherit; font-weight: inherit; text-align: var(--text-align);\"> la multiplicidad a constituir: <\/span><span style=\"font-style: inherit; font-weight: inherit; text-align: var(--text-align);\">escribir a n-1\u00bb<\/span><\/h4>\t\t\t\t\t\t\t\t<\/div>\n\t\t\t\t<\/div>\n\t\t\t\t<div class=\"elementor-element elementor-element-61096a7 cita elementor-widget elementor-widget-text-editor\" data-id=\"61096a7\" data-element_type=\"widget\" data-e-type=\"widget\" data-widget_type=\"text-editor.default\">\n\t\t\t\t<div class=\"elementor-widget-container\">\n\t\t\t\t\t\t\t\t\t<h4><span style=\"white-space-collapse: preserve;\">Deleuze y Guattari.<br \/>Mil Mesetas<\/span><\/h4>\t\t\t\t\t\t\t\t<\/div>\n\t\t\t\t<\/div>\n\t\t\t\t<\/div>\n\t\t\t\t<\/div>\n\t\t<div class=\"elementor-element elementor-element-af2ab5b e-con-full e-flex wpr-particle-no wpr-jarallax-no wpr-parallax-no wpr-sticky-section-no e-con e-parent\" data-id=\"af2ab5b\" data-element_type=\"container\" data-e-type=\"container\">\n\t\t\t\t<div class=\"elementor-element elementor-element-b263b01 elementor-widget elementor-widget-heading\" data-id=\"b263b01\" data-element_type=\"widget\" data-e-type=\"widget\" id=\"expo\" data-widget_type=\"heading.default\">\n\t\t\t\t<div class=\"elementor-widget-container\">\n\t\t\t\t\t<h2 class=\"elementor-heading-title elementor-size-default\">Exposiciones<\/h2>\t\t\t\t<\/div>\n\t\t\t\t<\/div>\n\t\t\t\t<div class=\"elementor-element elementor-element-48738da elementor-widget elementor-widget-shortcode\" data-id=\"48738da\" data-element_type=\"widget\" data-e-type=\"widget\" data-widget_type=\"shortcode.default\">\n\t\t\t\t<div class=\"elementor-widget-container\">\n\t\t\t\t\t\t\t<div class=\"elementor-shortcode\"><div class=\"filtro-galeria\" style=\"text-align: center;\"><a href=\"#\" class=\"filtro\" data-category=\"all\">Todas<\/a><a href=\"#\" class=\"filtro\" data-category=\"24\/25\">24\/25<\/a><a href=\"#\" class=\"filtro\" data-category=\"23\/24\">23\/24<\/a><a href=\"#\" class=\"filtro\" data-category=\"22\/23\">22\/23<\/a><a href=\"#\" class=\"filtro\" data-category=\"21\/22\">21\/22<\/a><\/div><div class=\"galeria-imagenes\"><div class=\"imagen\" data-category=\"24\/25\"><a href=\"https:\/\/davidmaroto.webs.upv.es\" target=\"_blank\"><img decoding=\"async\" src=\"https:\/\/enemenosuno.webs.upv.es\/wp-content\/uploads\/2025\/06\/Maroto.jpg\" alt=\"\"><div class=\"overlay\">David Maroto<\/div><\/a><\/div><div class=\"imagen\" data-category=\"24\/25\"><a href=\"https:\/\/enemenosuno.webs.upv.es\/releyendoelfondoupv\" target=\"_blank\"><img decoding=\"async\" src=\"https:\/\/enemenosuno.webs.upv.es\/wp-content\/uploads\/2025\/06\/fondoDeArte.jpg\" alt=\"\"><div class=\"overlay\">Releyendo el Fondo de Arte<\/div><\/a><\/div><div class=\"imagen\" data-category=\"24\/25\"><a href=\"https:\/\/enemenosuno.webs.upv.es\/captandoperfiles\" target=\"_blank\"><img decoding=\"async\" src=\"https:\/\/enemenosuno.webs.upv.es\/wp-content\/uploads\/2025\/06\/conejero.jpg\" alt=\"\"><div class=\"overlay\">Captando Perfiles<\/div><\/a><\/div><div class=\"imagen\" data-category=\"24\/25\"><a href=\"https:\/\/enemenosuno.webs.upv.es\/conexioneslucidas\" target=\"_blank\"><img decoding=\"async\" src=\"https:\/\/enemenosuno.webs.upv.es\/wp-content\/uploads\/2025\/01\/conexiones.jpg\" alt=\"\"><div class=\"overlay\">Conexiones L\u00facidas<\/div><\/a><\/div><div class=\"imagen\" data-category=\"24\/25\"><a href=\"https:\/\/www.upv.es\/entidades\/acu\/2024\/12\/09\/exposicion-solidaria-en-accio-2024\/\" target=\"_blank\"><img decoding=\"async\" src=\"https:\/\/enemenosuno.webs.upv.es\/wp-content\/uploads\/2025\/01\/IMG_0093.jpg\" alt=\"\"><div class=\"overlay\">En Acci\u00f3 2024<\/div><\/a><\/div><div class=\"imagen\" data-category=\"24\/25\"><a href=\"https:\/\/www.upv.es\/entidades\/acu\/2024\/09\/04\/zaramella-entre-la-realidad-y-la-animacion\/\" target=\"_blank\"><img decoding=\"async\" src=\"https:\/\/enemenosuno.webs.upv.es\/wp-content\/uploads\/2025\/01\/noticia-web.jpg\" alt=\"\"><div class=\"overlay\">Zaramella: Entre la realidad y la animaci\u00f3n<\/div><\/a><\/div><div class=\"imagen\" data-category=\"23\/24\"><a href=\"https:\/\/acts.webs.upv.es\/UMH\/\" target=\"_blank\"><img decoding=\"async\" src=\"https:\/\/enemenosuno.webs.upv.es\/wp-content\/uploads\/2025\/01\/Captura-de-pantalla-2024-04-17-105523-e1713344186132-1.png\" alt=\"\"><div class=\"overlay\">Una Matriz Herida<\/div><\/a><\/div><div class=\"imagen\" data-category=\"23\/24\"><a href=\"https:\/\/www.upv.es\/entidades\/acu\/2024\/03\/06\/el-exilio-del-39-al-comico-vinetas-en-la-frontera\/\" target=\"_blank\"><img decoding=\"async\" src=\"https:\/\/enemenosuno.webs.upv.es\/wp-content\/uploads\/2025\/01\/Cartel-Exili-UPV-e1715679990174.jpg\" alt=\"\"><div class=\"overlay\">El exilio del 39 al c\u00f3mico. Vi\u00f1etas en la frontera<\/div><\/a><\/div><div class=\"imagen\" data-category=\"23\/24\"><a href=\"https:\/\/www.upv.es\/entidades\/acu\/2024\/01\/15\/desenfocadas-historias-de-migracion-y-refugio-2\/\" target=\"_blank\"><img decoding=\"async\" src=\"https:\/\/enemenosuno.webs.upv.es\/wp-content\/uploads\/2025\/01\/IG2.png\" alt=\"\"><div class=\"overlay\">Desenfocadas: historias de migraci\u00f3n y refugio<\/div><\/a><\/div><div class=\"imagen\" data-category=\"23\/24\"><a href=\"https:\/\/www.upv.es\/entidades\/acu\/2023\/11\/09\/renacimiento\/\" target=\"_blank\"><img decoding=\"async\" src=\"https:\/\/enemenosuno.webs.upv.es\/wp-content\/uploads\/2025\/01\/renacimiento.png\" alt=\"\"><div class=\"overlay\">Renacimiento<\/div><\/a><\/div><div class=\"imagen\" data-category=\"23\/24\"><a href=\"https:\/\/www.upv.es\/entidades\/acu\/2023\/09\/13\/cultura-y-cambio-tecnologico\/\" target=\"_blank\"><img decoding=\"async\" src=\"https:\/\/enemenosuno.webs.upv.es\/wp-content\/uploads\/2025\/01\/expo_fondo.jpg\" alt=\"\"><div class=\"overlay\">Cultural y cambio tecnol\u00f3gico<\/div><\/a><\/div><div class=\"imagen\" data-category=\"22\/23\"><a href=\"https:\/\/www.upv.es\/entidades\/acu\/2023\/02\/22\/artfutura-30\/\" target=\"_blank\"><img decoding=\"async\" src=\"https:\/\/enemenosuno.webs.upv.es\/wp-content\/uploads\/2025\/01\/ArtFutura30_news.png\" alt=\"\"><div class=\"overlay\">ArtFutura30<\/div><\/a><\/div><div class=\"imagen\" data-category=\"22\/23\"><a href=\"https:\/\/www.upv.es\/entidades\/acu\/2022\/11\/08\/pobreza-y-refugio\/\" target=\"_blank\"><img decoding=\"async\" src=\"https:\/\/enemenosuno.webs.upv.es\/wp-content\/uploads\/2025\/01\/bajoelpuente-e1737973668751.jpg\" alt=\"\"><div class=\"overlay\">Pobreza y Refugio<\/div><\/a><\/div><div class=\"imagen\" data-category=\"22\/23\"><a href=\"https:\/\/www.upv.es\/entidades\/acu\/2022\/11\/08\/saramago\/\" target=\"_blank\"><img decoding=\"async\" src=\"https:\/\/enemenosuno.webs.upv.es\/wp-content\/uploads\/2025\/01\/saramago_news.png\" alt=\"\"><div class=\"overlay\">Saramago<\/div><\/a><\/div><div class=\"imagen\" data-category=\"22\/23\"><a href=\"https:\/\/www.upv.es\/entidades\/acu\/2022\/09\/30\/30-anos-de-ideas-upv\/\" target=\"_blank\"><img decoding=\"async\" src=\"https:\/\/enemenosuno.webs.upv.es\/wp-content\/uploads\/2025\/01\/ideas2.png\" alt=\"\"><div class=\"overlay\">30 a\u00f1os de IDEAS UPV<\/div><\/a><\/div><div class=\"imagen\" data-category=\"21\/22\"><a href=\"https:\/\/www.upv.es\/entidades\/acu\/2022\/05\/25\/futuritat-la-vida-de-los-materiales\/\" target=\"_blank\"><img decoding=\"async\" src=\"https:\/\/enemenosuno.webs.upv.es\/wp-content\/uploads\/2025\/01\/futuritat.png\" alt=\"\"><div class=\"overlay\">Futuritat. La vida de los materiales<\/div><\/a><\/div><\/div><style>\n        .filtro-galeria {\n            margin-bottom: 20px;\n        }\n\n        .filtro-galeria a {\n            display: inline-block;\n            margin-right: 30px;\n            padding: 5px 10px;\n            background-color: black;\n\t\t\tborder: 0.5px solid white;\n            text-decoration: none;\n            color: #333;\n\t\t\tcolor: white;\n        }\n\n        .filtro-galeria a:hover {\n            background-color: white;\n\t\t\tcolor:black;\n        }\n\n        .galeria-imagenes {\n            display: flex;\n            flex-wrap: wrap;\n            justify-content: space-around;\n        }\n\n        .imagen {\n            position: relative;\n            margin: 10px;\n            cursor: pointer;\n        }\n\n        .imagen img {\n            width: 300px;\n            height: 300px;\n            transition: transform 0.5s;\n        }\n\n        .imagen:hover img {\n            transform: scale(1.1);\n        }\n\n        .overlay {\n            position: absolute;\n            top: 0;\n            left: 0;\n            width: 100%;\n            height: 100%;\n            background: #ffffff;\n            color: black;\n            display: flex;\n            justify-content: center;\n            align-items: center;\n            opacity: 0;\n            transition: opacity 0.5s;\n            border-radius: 0px;\n            text-align: center;\n        }\n\n        .imagen:hover .overlay {\n            opacity: 1;\n        }\n    <\/style><script>\n        document.addEventListener(\"DOMContentLoaded\", function () {\n            \/\/ Manejar el clic en los filtros\n            document.querySelectorAll(\".filtro-galeria .filtro\").forEach(function (filtro) {\n                filtro.addEventListener(\"click\", function (e) {\n                    e.preventDefault(); \/\/ Evitar redirecci\u00f3n\n                    var category = this.getAttribute(\"data-category\");\n\n                    \/\/ Mostrar u ocultar las im\u00e1genes seg\u00fan la categor\u00eda\n                    document.querySelectorAll(\".galeria-imagenes .imagen\").forEach(function (imagen) {\n                        if (category === \"all\" || imagen.getAttribute(\"data-category\") === category) {\n                            imagen.style.display = \"block\"; \/\/ Mostrar\n                        } else {\n                            imagen.style.display = \"none\"; \/\/ Ocultar\n                        }\n                    });\n                });\n            });\n        });\n    <\/script>\n<\/div>\n\t\t\t\t\t\t<\/div>\n\t\t\t\t<\/div>\n\t\t\t\t<\/div>\n\t\t<div class=\"elementor-element elementor-element-73b314f e-flex e-con-boxed wpr-particle-no wpr-jarallax-no wpr-parallax-no wpr-sticky-section-no e-con e-parent\" data-id=\"73b314f\" data-element_type=\"container\" data-e-type=\"container\">\n\t\t\t\t\t<div class=\"e-con-inner\">\n\t\t\t\t\t<\/div>\n\t\t\t\t<\/div>\n\t\t\t\t<\/div>\n\t\t","protected":false},"excerpt":{"rendered":"<p>\u00abLo m\u00faltiple hay que\u00a0hacerlo,\u00a0pero no a\u00f1adiendo constantemente una dimensi\u00f3n superior, sino, al contrario, de la forma m\u00e1s simple, a fuerza de sobriedad, al nivel de las dimensiones de que se dispone, siempre n-1 (s\u00f3lo as\u00ed, sustray\u00e9ndolo, lo Uno forma parte de lo m\u00faltiple). Sustraer lo \u00fanico de la multiplicidad a constituir: escribir a n-1\u00bb Deleuze y Guattari.Mil Mesetas Exposiciones<\/p>\n","protected":false},"author":2,"featured_media":0,"parent":0,"menu_order":0,"comment_status":"closed","ping_status":"closed","template":"elementor_header_footer","meta":{"site-sidebar-layout":"no-sidebar","site-content-layout":"","ast-site-content-layout":"full-width-container","site-content-style":"default","site-sidebar-style":"default","ast-global-header-display":"","ast-banner-title-visibility":"","ast-main-header-display":"","ast-hfb-above-header-display":"","ast-hfb-below-header-display":"","ast-hfb-mobile-header-display":"","site-post-title":"disabled","ast-breadcrumbs-content":"","ast-featured-img":"disabled","footer-sml-layout":"","ast-disable-related-posts":"","theme-transparent-header-meta":"","adv-header-id-meta":"","stick-header-meta":"","header-above-stick-meta":"","header-main-stick-meta":"","header-below-stick-meta":"","astra-migrate-meta-layouts":"default","ast-page-background-enabled":"default","ast-page-background-meta":{"desktop":{"background-color":"var(--ast-global-color-5)","background-image":"","background-repeat":"repeat","background-position":"center center","background-size":"auto","background-attachment":"scroll","background-type":"","background-media":"","overlay-type":"","overlay-color":"","overlay-opacity":"","overlay-gradient":""},"tablet":{"background-color":"","background-image":"","background-repeat":"repeat","background-position":"center center","background-size":"auto","background-attachment":"scroll","background-type":"","background-media":"","overlay-type":"","overlay-color":"","overlay-opacity":"","overlay-gradient":""},"mobile":{"background-color":"","background-image":"","background-repeat":"repeat","background-position":"center center","background-size":"auto","background-attachment":"scroll","background-type":"","background-media":"","overlay-type":"","overlay-color":"","overlay-opacity":"","overlay-gradient":""}},"ast-content-background-meta":{"desktop":{"background-color":"var(--ast-global-color-4)","background-image":"","background-repeat":"repeat","background-position":"center center","background-size":"auto","background-attachment":"scroll","background-type":"","background-media":"","overlay-type":"","overlay-color":"","overlay-opacity":"","overlay-gradient":""},"tablet":{"background-color":"var(--ast-global-color-4)","background-image":"","background-repeat":"repeat","background-position":"center center","background-size":"auto","background-attachment":"scroll","background-type":"","background-media":"","overlay-type":"","overlay-color":"","overlay-opacity":"","overlay-gradient":""},"mobile":{"background-color":"var(--ast-global-color-4)","background-image":"","background-repeat":"repeat","background-position":"center center","background-size":"auto","background-attachment":"scroll","background-type":"","background-media":"","overlay-type":"","overlay-color":"","overlay-opacity":"","overlay-gradient":""}},"footnotes":""},"class_list":["post-7","page","type-page","status-publish","hentry"],"jetpack_sharing_enabled":true,"_links":{"self":[{"href":"https:\/\/enemenosuno.webs.upv.es\/index.php\/wp-json\/wp\/v2\/pages\/7","targetHints":{"allow":["GET"]}}],"collection":[{"href":"https:\/\/enemenosuno.webs.upv.es\/index.php\/wp-json\/wp\/v2\/pages"}],"about":[{"href":"https:\/\/enemenosuno.webs.upv.es\/index.php\/wp-json\/wp\/v2\/types\/page"}],"author":[{"embeddable":true,"href":"https:\/\/enemenosuno.webs.upv.es\/index.php\/wp-json\/wp\/v2\/users\/2"}],"replies":[{"embeddable":true,"href":"https:\/\/enemenosuno.webs.upv.es\/index.php\/wp-json\/wp\/v2\/comments?post=7"}],"version-history":[{"count":155,"href":"https:\/\/enemenosuno.webs.upv.es\/index.php\/wp-json\/wp\/v2\/pages\/7\/revisions"}],"predecessor-version":[{"id":337,"href":"https:\/\/enemenosuno.webs.upv.es\/index.php\/wp-json\/wp\/v2\/pages\/7\/revisions\/337"}],"wp:attachment":[{"href":"https:\/\/enemenosuno.webs.upv.es\/index.php\/wp-json\/wp\/v2\/media?parent=7"}],"curies":[{"name":"wp","href":"https:\/\/api.w.org\/{rel}","templated":true}]}}